{"id":933,"date":"2025-07-22T16:18:11","date_gmt":"2025-07-22T16:18:11","guid":{"rendered":"https:\/\/socopisarl.com\/?page_id=933"},"modified":"2025-07-22T19:19:00","modified_gmt":"2025-07-22T19:19:00","slug":"management","status":"publish","type":"page","link":"https:\/\/socopisarl.com\/index.php\/management\/","title":{"rendered":"Management"},"content":{"rendered":"\t\t<div data-elementor-type=\"wp-page\" data-elementor-id=\"933\" class=\"elementor elementor-933\" data-elementor-post-type=\"page\">\n\t\t\t\t<div class=\"elementor-element elementor-element-a3eb6b3 e-flex e-con-boxed e-con e-parent\" data-id=\"a3eb6b3\" data-element_type=\"container\">\n\t\t\t\t\t<div class=\"e-con-inner\">\n\t\t\t\t<div class=\"elementor-element elementor-element-466dd6a elementor-widget elementor-widget-spacer\" data-id=\"466dd6a\" data-element_type=\"widget\" data-widget_type=\"spacer.default\">\n\t\t\t\t\t\t\t<div class=\"elementor-spacer\">\n\t\t\t<div class=\"elementor-spacer-inner\"><\/div>\n\t\t<\/div>\n\t\t\t\t\t\t<\/div>\n\t\t\t\t\t<\/div>\n\t\t\t\t<\/div>\n\t\t<div class=\"elementor-element elementor-element-8cc6457 e-flex e-con-boxed e-con e-parent\" data-id=\"8cc6457\" data-element_type=\"container\">\n\t\t\t\t\t<div class=\"e-con-inner\">\n\t\t\t\t<div class=\"elementor-element elementor-element-a6effa5 elementor-widget elementor-widget-image-box\" data-id=\"a6effa5\" data-element_type=\"widget\" data-widget_type=\"image-box.default\">\n\t\t\t\t\t<div class=\"elementor-image-box-wrapper\"><div class=\"elementor-image-box-content\"><h3 class=\"elementor-image-box-title\">le Management<\/h3><p class=\"elementor-image-box-description\"><div style=\"text-align: justify; font-size: 16px; line-height: 1.8;\">\n\nSACOPI SARL est dirig\u00e9e par une \u00e9quipe dynamique de directeurs exp\u00e9riment\u00e9s en d\u00e9veloppement des affaires, planification strat\u00e9gique et gestion op\u00e9rationnelle. Chacun apporte une expertise pr\u00e9cieuse et une perspective unique, guidant l\u2019entreprise vers l\u2019innovation, la croissance et la durabilit\u00e9. Leur leadership, fond\u00e9 sur l\u2019int\u00e9grit\u00e9, le professionnalisme et l\u2019engagement envers l\u2019excellence, garantit que SACOPI SARL reste un partenaire fiable et tourn\u00e9 vers l\u2019avenir. Gr\u00e2ce \u00e0 une approche collaborative, les directeurs portent la vision de l\u2019entreprise en offrant des services de qualit\u00e9 et en b\u00e2tissant des partenariats solides.\n\n<\/div>\n<\/p><\/div><\/div>\t\t\t\t<\/div>\n\t\t\t\t\t<\/div>\n\t\t\t\t<\/div>\n\t\t<div class=\"elementor-element elementor-element-fa62327 e-grid e-con-boxed e-con e-parent\" data-id=\"fa62327\" data-element_type=\"container\">\n\t\t\t\t\t<div class=\"e-con-inner\">\n\t\t\t\t<div class=\"elementor-element elementor-element-0b6d181 elementor-widget elementor-widget-image\" data-id=\"0b6d181\" data-element_type=\"widget\" data-widget_type=\"image.default\">\n\t\t\t\t\t\t\t\t\t\t\t\t\t\t\t<img decoding=\"async\" src=\"https:\/\/socopisarl.com\/wp-content\/uploads\/elementor\/thumbs\/WhatsApp-Image-2025-07-22-at-18.57.48-1-r954zl4234ayrw5w0s1aeue077deku99p00qefbjhs.jpeg\" title=\"WhatsApp Image 2025-07-22 at 18.57.48 (1)\" alt=\"WhatsApp Image 2025-07-22 at 18.57.48 (1)\" loading=\"lazy\" \/>\t\t\t\t\t\t\t\t\t\t\t\t\t\t\t<\/div>\n\t\t\t\t<div class=\"elementor-element elementor-element-5151791 elementor-widget elementor-widget-image\" data-id=\"5151791\" data-element_type=\"widget\" data-widget_type=\"image.default\">\n\t\t\t\t\t\t\t\t\t\t\t\t\t\t\t<img decoding=\"async\" src=\"https:\/\/socopisarl.com\/wp-content\/uploads\/elementor\/thumbs\/WhatsApp-Image-2025-07-22-at-18.57.48-r954ztklsmmjodtlndoxja95jo7pi46uq5w3pwyzxs.jpeg\" title=\"WhatsApp Image 2025-07-22 at 18.57.48\" alt=\"WhatsApp Image 2025-07-22 at 18.57.48\" loading=\"lazy\" \/>\t\t\t\t\t\t\t\t\t\t\t\t\t\t\t<\/div>\n\t\t\t\t\t<\/div>\n\t\t\t\t<\/div>\n\t\t\t\t<\/div>\n\t\t","protected":false},"excerpt":{"rendered":"<p>le Management SACOPI SARL est dirig\u00e9e par une \u00e9quipe dynamique de directeurs exp\u00e9riment\u00e9s en d\u00e9veloppement des affaires, planification strat\u00e9gique et gestion op\u00e9rationnelle. Chacun apporte une expertise pr\u00e9cieuse et une perspective unique, guidant l\u2019entreprise vers l\u2019innovation, la croissance et la durabilit\u00e9. Leur leadership, fond\u00e9 sur l\u2019int\u00e9grit\u00e9, le professionnalisme et l\u2019engagement envers l\u2019excellence, garantit que SACOPI SARL [&hellip;]<\/p>\n","protected":false},"author":1,"featured_media":0,"parent":0,"menu_order":0,"comment_status":"closed","ping_status":"closed","template":"elementor_header_footer","meta":{"site-sidebar-layout":"no-sidebar","site-content-layout":"","ast-site-content-layout":"full-width-container","site-content-style":"default","site-sidebar-style":"default","ast-global-header-display":"","ast-banner-title-visibility":"","ast-main-header-display":"","ast-hfb-above-header-display":"","ast-hfb-below-header-display":"","ast-hfb-mobile-header-display":"","site-post-title":"disabled","ast-breadcrumbs-content":"","ast-featured-img":"disabled","footer-sml-layout":"","theme-transparent-header-meta":"default","adv-header-id-meta":"","stick-header-meta":"","header-above-stick-meta":"","header-main-stick-meta":"","header-below-stick-meta":"","astra-migrate-meta-layouts":"set","ast-page-background-enabled":"default","ast-page-background-meta":{"desktop":{"background-color":"var(--ast-global-color-5)","background-image":"","background-repeat":"repeat","background-position":"center center","background-size":"auto","background-attachment":"scroll","background-type":"","background-media":"","overlay-type":"","overlay-color":"","overlay-opacity":"","overlay-gradient":""},"tablet":{"background-color":"","background-image":"","background-repeat":"repeat","background-position":"center center","background-size":"auto","background-attachment":"scroll","background-type":"","background-media":"","overlay-type":"","overlay-color":"","overlay-opacity":"","overlay-gradient":""},"mobile":{"background-color":"","background-image":"","background-repeat":"repeat","background-position":"center center","background-size":"auto","background-attachment":"scroll","background-type":"","background-media":"","overlay-type":"","overlay-color":"","overlay-opacity":"","overlay-gradient":""}},"ast-content-background-meta":{"desktop":{"background-color":"var(--ast-global-color-4)","background-image":"","background-repeat":"repeat","background-position":"center center","background-size":"auto","background-attachment":"scroll","background-type":"","background-media":"","overlay-type":"","overlay-color":"","overlay-opacity":"","overlay-gradient":""},"tablet":{"background-color":"var(--ast-global-color-4)","background-image":"","background-repeat":"repeat","background-position":"center center","background-size":"auto","background-attachment":"scroll","background-type":"","background-media":"","overlay-type":"","overlay-color":"","overlay-opacity":"","overlay-gradient":""},"mobile":{"background-color":"var(--ast-global-color-4)","background-image":"","background-repeat":"repeat","background-position":"center center","background-size":"auto","background-attachment":"scroll","background-type":"","background-media":"","overlay-type":"","overlay-color":"","overlay-opacity":"","overlay-gradient":""}},"footnotes":""},"yst_prominent_words":[],"class_list":["post-933","page","type-page","status-publish","hentry"],"_links":{"self":[{"href":"https:\/\/socopisarl.com\/index.php\/wp-json\/wp\/v2\/pages\/933","targetHints":{"allow":["GET"]}}],"collection":[{"href":"https:\/\/socopisarl.com\/index.php\/wp-json\/wp\/v2\/pages"}],"about":[{"href":"https:\/\/socopisarl.com\/index.php\/wp-json\/wp\/v2\/types\/page"}],"author":[{"embeddable":true,"href":"https:\/\/socopisarl.com\/index.php\/wp-json\/wp\/v2\/users\/1"}],"replies":[{"embeddable":true,"href":"https:\/\/socopisarl.com\/index.php\/wp-json\/wp\/v2\/comments?post=933"}],"version-history":[{"count":22,"href":"https:\/\/socopisarl.com\/index.php\/wp-json\/wp\/v2\/pages\/933\/revisions"}],"predecessor-version":[{"id":979,"href":"https:\/\/socopisarl.com\/index.php\/wp-json\/wp\/v2\/pages\/933\/revisions\/979"}],"wp:attachment":[{"href":"https:\/\/socopisarl.com\/index.php\/wp-json\/wp\/v2\/media?parent=933"}],"wp:term":[{"taxonomy":"yst_prominent_words","embeddable":true,"href":"https:\/\/socopisarl.com\/index.php\/wp-json\/wp\/v2\/yst_prominent_words?post=933"}],"curies":[{"name":"wp","href":"https:\/\/api.w.org\/{rel}","templated":true}]}}